{"id":46,"date":"2026-02-19T18:04:27","date_gmt":"2026-02-19T18:04:27","guid":{"rendered":"https:\/\/barefar.dk\/?page_id=46"},"modified":"2026-02-26T18:51:53","modified_gmt":"2026-02-26T18:51:53","slug":"home","status":"publish","type":"page","link":"https:\/\/barefar.dk\/","title":{"rendered":"Forside"},"content":{"rendered":"\n<p><\/p>\n\n\n\n<h2 class=\"wp-block-heading\">Velkommen!!!<\/h2>\n\n\n\n<p style=\"font-size:14px\">Tr\u00e6d ind i et univers af kaos, tankemylder og alt andet hjertet beg\u00e6re.<\/p>\n\n\n\n<p style=\"font-size:14px\">Som far til 4, gift og i gang med uddannelse, har jeg opskriften p\u00e5 en cocktail, der giver gr\u00e5 h\u00e5r, s\u00f8vnl\u00f8se n\u00e6tter og en stressfaktor p\u00e5 40+ p\u00e5 den d\u00e5rlige m\u00e5de. Men midt i alt kaosset ligger der altid solstr\u00e5ler gemt!<\/p>\n\n\n\n<p style=\"font-size:14px\">Her er der hverken fokus p\u00e5 kun det negative eller det positive. Du f\u00e5r den \u00e6gte blanding af det r\u00e5 familieliv, pr\u00e6cis som det er.<\/p>\n\n\n\n<p>Tryk p\u00e5 <a href=\"https:\/\/barefar.dk\/?page_id=47\" data-type=\"page\" data-id=\"47\"><strong><mark style=\"background-color:rgba(0, 0, 0, 0)\" class=\"has-inline-color has-contrast-color\">link<\/mark><\/strong><\/a> her, eller oppe i venstre hj\u00f8rne for at komme i gang med at l\u00e6se alt det jeg for skrevet!<\/p>\n\n\n\n<p><\/p>\n","protected":false},"excerpt":{"rendered":"<p>Velkommen!!! Tr\u00e6d ind i et univers af kaos, tankemylder og alt andet hjertet beg\u00e6re. Som far til 4, gift og i gang med uddannelse, har jeg opskriften p\u00e5 en cocktail, der giver gr\u00e5 h\u00e5r, s\u00f8vnl\u00f8se n\u00e6tter og en stressfaktor p\u00e5 40+ p\u00e5 den d\u00e5rlige m\u00e5de. Men midt i alt kaosset ligger der altid solstr\u00e5ler gemt! Her er der hverken fokus p\u00e5 kun det negative eller det positive. Du f\u00e5r den \u00e6gte blanding af det r\u00e5 familieliv, pr\u00e6cis som det er. Tryk p\u00e5 link her, eller oppe i venstre hj\u00f8rne for at komme i gang med at l\u00e6se alt det jeg for skrevet!<\/p>\n","protected":false},"author":1,"featured_media":161,"parent":0,"menu_order":0,"comment_status":"closed","ping_status":"closed","template":"template-business.php","meta":{"footnotes":""},"class_list":["post-46","page","type-page","status-publish","has-post-thumbnail","hentry"],"_links":{"self":[{"href":"https:\/\/barefar.dk\/index.php?rest_route=\/wp\/v2\/pages\/46","targetHints":{"allow":["GET"]}}],"collection":[{"href":"https:\/\/barefar.dk\/index.php?rest_route=\/wp\/v2\/pages"}],"about":[{"href":"https:\/\/barefar.dk\/index.php?rest_route=\/wp\/v2\/types\/page"}],"author":[{"embeddable":true,"href":"https:\/\/barefar.dk\/index.php?rest_route=\/wp\/v2\/users\/1"}],"replies":[{"embeddable":true,"href":"https:\/\/barefar.dk\/index.php?rest_route=%2Fwp%2Fv2%2Fcomments&post=46"}],"version-history":[{"count":40,"href":"https:\/\/barefar.dk\/index.php?rest_route=\/wp\/v2\/pages\/46\/revisions"}],"predecessor-version":[{"id":162,"href":"https:\/\/barefar.dk\/index.php?rest_route=\/wp\/v2\/pages\/46\/revisions\/162"}],"wp:featuredmedia":[{"embeddable":true,"href":"https:\/\/barefar.dk\/index.php?rest_route=\/wp\/v2\/media\/161"}],"wp:attachment":[{"href":"https:\/\/barefar.dk\/index.php?rest_route=%2Fwp%2Fv2%2Fmedia&parent=46"}],"curies":[{"name":"wp","href":"https:\/\/api.w.org\/{rel}","templated":true}]}}